{"id":44,"date":"2024-06-10T18:10:13","date_gmt":"2024-06-10T21:10:13","guid":{"rendered":"https:\/\/manauara.vesano.com.br\/?page_id=44"},"modified":"2026-04-27T20:25:14","modified_gmt":"2026-04-27T23:25:14","slug":"fundo-icamiabas","status":"publish","type":"page","link":"https:\/\/manauara.org\/en\/fundos\/fundo-icamiabas\/","title":{"rendered":"Programa ICAMIABAS"},"content":{"rendered":"<div id=\"fws_69f3b8af60350\"  data-column-margin=\"none\" data-midnight=\"custom\" data-top-percent=\"8%\" data-bottom-percent=\"8%\"  class=\"wpb_row vc_row-fluid vc_row full-width-section parallax_section top_padding_tablet_30pct top_padding_phone_40pct bottom_padding_tablet_30pct bottom_padding_phone_40pct\"  style=\"padding-top: calc(100vw * 0.08); padding-bottom: calc(100vw * 0.08); \"><div class=\"row-bg-wrap\" data-bg-animation=\"zoom-out\" data-bg-animation-delay=\"\" data-bg-overlay=\"true\"><div class=\"inner-wrap row-bg-layer using-image\" ><div class=\"row-bg viewport-desktop using-image using-bg-color\" data-parallax-speed=\"fast\" style=\"background-image: url(https:\/\/i0.wp.com\/manauara.org\/wp-content\/uploads\/2024\/07\/headerFundos.webp?fit=1400%2C400&#038;ssl=1); background-position: center center; background-repeat: no-repeat; background-color: #94a6a2; \"><\/div><\/div><div class=\"row-bg-overlay row-bg-layer\" style=\"background-color:#000000;  opacity: 0.3; \"><\/div><\/div><div class=\"nectar-shape-divider-wrap\" style=\" height:45%;\" data-using-percent-val=\"true\" data-height=\"45%\" data-front=\"\" data-style=\"mountains\" data-position=\"bottom\" ><svg class=\"nectar-shape-divider\" fill=\"#ffffff\" xmlns=\"http:\/\/www.w3.org\/2000\/svg\" viewbox=\"0 0 1000 300\" preserveaspectratio=\"none\">\n          <path d=\"M 1014 264 v 122 h -808 l -172 -86 s 310.42 -22.84 402 -79 c 106 -65 154 -61 268 -12 c 107 46 195.11 5.94 275 137 z\"><\/path>   <path d=\"M -302 55 s 235.27 208.25 352 159 c 128 -54 233 -98 303 -73 c 92.68 33.1 181.28 115.19 235 108 c 104.9 -14 176.52 -173.06 267 -118 c 85.61 52.09 145 123 145 123 v 74 l -1306 10 z\"><\/path>\n          <path d=\"M -286 255 s 214 -103 338 -129 s 203 29 384 101 c 145.57 57.91 178.7 50.79 272 0 c 79 -43 301 -224 385 -63 c 53 101.63 -62 129 -62 129 l -107 84 l -1212 12 z\"><\/path>\n          <path d=\"M -24 69 s 299.68 301.66 413 245 c 8 -4 233 2 284 42 c 17.47 13.7 172 -132 217 -174 c 54.8 -51.15 128 -90 188 -39 c 76.12 64.7 118 99 118 99 l -12 132 l -1212 12 z\"><\/path>\n          <path d=\"M -12 201 s 70 83 194 57 s 160.29 -36.77 274 6 c 109 41 184.82 24.36 265 -15 c 55 -27 116.5 -57.69 214 4 c 49 31 95 26 95 26 l -6 151 l -1036 10 z\"><\/path> <\/svg><\/div><div class=\"row_col_wrap_12 col span_12 custom left\">\n\t<div  class=\"vc_col-sm-12 wpb_column column_container vc_column_container col no-extra-padding force-phone-text-align-center el_spacing_0px inherit_tablet inherit_phone\"  data-padding-pos=\"all\" data-has-bg-color=\"false\" data-bg-color=\"\" data-bg-opacity=\"1\" data-animation=\"\" data-delay=\"0\" >\n\t\t<div class=\"vc_column-inner\" >\n\t\t\t<div class=\"wpb_wrapper\">\n\t\t\t\t<div class=\"nectar-split-heading  font_size_6vh\" data-align=\"default\" data-m-align=\"inherit\" data-text-effect=\"none\" data-animation-type=\"line-reveal-by-space\" data-animation-delay=\"0\" data-animation-offset=\"\" data-m-rm-animation=\"\" data-stagger=\"\" data-custom-font-size=\"true\" style=\"font-size: 6vh; line-height: 6.6vh;\"><h1 style=\" color: #ffffff;\">Programa Icamiabas<\/h1><\/div>\n\t\t\t<\/div> \n\t\t<\/div>\n\t<\/div> \n<\/div><\/div>\n\t\t<div id=\"fws_69f3b8af60952\"  data-column-margin=\"default\" data-midnight=\"dark\" data-top-percent=\"6%\" data-bottom-percent=\"8%\"  class=\"wpb_row vc_row-fluid vc_row full-width-section\"  style=\"padding-top: calc(100vw * 0.06); padding-bottom: calc(100vw * 0.08); \"><div class=\"row-bg-wrap\" data-bg-animation=\"none\" data-bg-animation-delay=\"\" data-bg-overlay=\"false\"><div class=\"inner-wrap row-bg-layer\" ><div class=\"row-bg viewport-desktop using-bg-color\"  style=\"background-color: #ffffff; \"><\/div><\/div><\/div><div class=\"nectar-shape-divider-wrap\" style=\" height:120px;\"  data-height=\"120\" data-front=\"\" data-style=\"mountains\" data-position=\"bottom\" ><svg class=\"nectar-shape-divider\" fill=\"#e9f2f1\" xmlns=\"http:\/\/www.w3.org\/2000\/svg\" viewbox=\"0 0 1000 300\" preserveaspectratio=\"none\">\n          <path d=\"M 1014 264 v 122 h -808 l -172 -86 s 310.42 -22.84 402 -79 c 106 -65 154 -61 268 -12 c 107 46 195.11 5.94 275 137 z\"><\/path>   <path d=\"M -302 55 s 235.27 208.25 352 159 c 128 -54 233 -98 303 -73 c 92.68 33.1 181.28 115.19 235 108 c 104.9 -14 176.52 -173.06 267 -118 c 85.61 52.09 145 123 145 123 v 74 l -1306 10 z\"><\/path>\n          <path d=\"M -286 255 s 214 -103 338 -129 s 203 29 384 101 c 145.57 57.91 178.7 50.79 272 0 c 79 -43 301 -224 385 -63 c 53 101.63 -62 129 -62 129 l -107 84 l -1212 12 z\"><\/path>\n          <path d=\"M -24 69 s 299.68 301.66 413 245 c 8 -4 233 2 284 42 c 17.47 13.7 172 -132 217 -174 c 54.8 -51.15 128 -90 188 -39 c 76.12 64.7 118 99 118 99 l -12 132 l -1212 12 z\"><\/path>\n          <path d=\"M -12 201 s 70 83 194 57 s 160.29 -36.77 274 6 c 109 41 184.82 24.36 265 -15 c 55 -27 116.5 -57.69 214 4 c 49 31 95 26 95 26 l -6 151 l -1036 10 z\"><\/path> <\/svg><\/div><div class=\"row_col_wrap_12 col span_12 dark left\">\n\t<div  class=\"vc_col-sm-12 wpb_column column_container vc_column_container col no-extra-padding inherit_tablet inherit_phone\"  data-padding-pos=\"all\" data-has-bg-color=\"false\" data-bg-color=\"\" data-bg-opacity=\"1\" data-animation=\"\" data-delay=\"0\" >\n\t\t<div class=\"vc_column-inner\" >\n\t\t\t<div class=\"wpb_wrapper\">\n\t\t\t\t<div class=\"nectar-split-heading  font_size_1-4em font_line_height_1-6\" data-align=\"default\" data-m-align=\"inherit\" data-text-effect=\"none\" data-animation-type=\"line-reveal-by-space\" data-animation-delay=\"0\" data-animation-offset=\"\" data-m-rm-animation=\"\" data-stagger=\"\" data-custom-font-size=\"true\" style=\"font-size: 1px; line-height: 1.5px;\"><p style=\" color: #2f403d;\">Como \u00e9 poss\u00edvel apoiar o desenvolvimento pessoal e institucional de l\u00edderes comunit\u00e1rias que trabalham em prol de outras mulheres nas comunidades mais carentes de Manaus? Nosso programa de dois anos oferece a cada Icamiaba apoio financeiro simplificado a fundo perdido, coaching pessoal, aconselhamento com foco em empreendedorismo e desenvolvimento conjunto de um projeto com objetivos, a\u00e7\u00f5es e mensura\u00e7\u00e3o de impacto simples e concretos.<\/p><\/div>\n\t\t\t<\/div> \n\t\t<\/div>\n\t<\/div> \n<\/div><\/div>\n\t\t<div id=\"fws_69f3b8af60c2c\"  data-column-margin=\"80px\" data-midnight=\"dark\"  class=\"wpb_row vc_row-fluid vc_row vc_row-o-equal-height vc_row-flex  top_margin_6pct\"  style=\"padding-top: 0px; padding-bottom: 0px; \"><div class=\"row-bg-wrap\" data-bg-animation=\"none\" data-bg-animation-delay=\"\" data-bg-overlay=\"false\"><div class=\"inner-wrap row-bg-layer\" ><div class=\"row-bg viewport-desktop\"  style=\"\"><\/div><\/div><\/div><div class=\"row_col_wrap_12 col span_12 dark left\">\n\t<div  class=\"vc_col-sm-6 wpb_column column_container vc_column_container col no-extra-padding inherit_tablet inherit_phone\"  data-padding-pos=\"all\" data-has-bg-color=\"false\" data-bg-color=\"\" data-bg-opacity=\"1\" data-animation=\"\" data-delay=\"0\" >\n\t\t<div class=\"vc_column-inner\" >\n\t\t\t<div class=\"wpb_wrapper\">\n\t\t\t\t\n<div class=\"wpb_text_column wpb_content_element\" >\n\t<div class=\"wpb_wrapper\">\n\t\t<h4>ESCOPO DE TRABALHO NO PRIMEIRO ANO<\/h4>\n\t<\/div>\n<\/div>\n\n\n\n\n<div class=\"wpb_text_column wpb_content_element\" >\n\t<div class=\"wpb_wrapper\">\n\t\t<p><i>Nos primeiros 12 meses, nosso o objetivo \u00e9 ajudar a l\u00edder comunit\u00e1ria que ganhou o t\u00edtulo de Icamiaba a focar esfor\u00e7os na atividade que mais gera renda para ela e as outras mulheres que atende. Fornecemos a ela um cart\u00e3o de d\u00e9bito que \u00e9 recarregado no in\u00edcio do m\u00eas com uma quantia de R$ 1.000 para viabilizar as atividades de gera\u00e7\u00e3o de renda que desenvolver\u00e1 com suas vizinhasd nos 30 dias seguintes, al\u00e9m de R$ 500 para seus gastos pessoais. No in\u00edcio de cada m\u00eas, nos reunimos com ela para avaliar e documentar as atividades desenvolvidas, o correto emprego dos recursos financeiros e para planejar as atividades do m\u00eas seguinte. <\/i><\/p>\n<p><i>Tamb\u00e9m fornecemos aconselhamento e orienta\u00e7\u00f5es pr\u00e1ticas sobre desafios pessoais (como sua sa\u00fade, rela\u00e7\u00f5es familiares e com a comunidade) e institucionais (como situa\u00e7\u00e3o de moradia e do espa\u00e7o onde desenvolve as atividades, pagamento de contas, estrutura\u00e7\u00e3o de sua organiza\u00e7\u00e3o ou movimento social, atra\u00e7\u00e3o de volunt\u00e1rios e capta\u00e7\u00e3o de recursos).\u00a0 Essa rotina cria uma base mais s\u00f3lida para a evolu\u00e7\u00e3o pretendida no segundo ano do apoio.<\/i><\/p>\n\t<\/div>\n<\/div>\n\n\n\n\n\t\t\t<\/div> \n\t\t<\/div>\n\t<\/div> \n\n\t<div  class=\"vc_col-sm-6 wpb_column column_container vc_column_container col no-extra-padding inherit_tablet inherit_phone\"  data-padding-pos=\"all\" data-has-bg-color=\"false\" data-bg-color=\"\" data-bg-opacity=\"1\" data-animation=\"\" data-delay=\"0\" >\n\t\t<div class=\"vc_column-inner\" >\n\t\t\t<div class=\"wpb_wrapper\">\n\t\t\t\t\n<div class=\"wpb_text_column wpb_content_element\" >\n\t<div class=\"wpb_wrapper\">\n\t\t<h4>ESCOPO DE TRABALHO NO SEGUNDO ANO<\/h4>\n\t<\/div>\n<\/div>\n\n\n\n\n<div class=\"wpb_text_column wpb_content_element\" >\n\t<div class=\"wpb_wrapper\">\n\t\t<p><em>A partir do 13 m\u00eas, al\u00e9m de seguir a din\u00e2mica de reuni\u00f5es mensais e recarregamento do cart\u00e3o de d\u00e9bito focado na atividade geradora de renda, estimulamos a co-cria\u00e7\u00e3o de um projeto conjunto conosco. <\/em><\/p>\n<p><em>Esse projeto pode ser focado em necessidades da comunidade, em a\u00e7\u00f5es paralelas \u00e0 atividade geradora de renda ou mesmo no aprimoramento dessa atividade. Conduzimos nossas conversas preenchendo conjuntamente com a Icamiaba um termo de abertura de projeto simplificado contendo (a) objetivo, (b) entrega principal, (c) cronograma, (d) uma tabela de atividades, resultados e indicadores, (d) or\u00e7amento, (e) equipe dedicada e (f) parceiros.<\/em><\/p>\n<p><em>Nosso objetivo \u00e9 desenvolver na Icamiaba a capacidade de identificar claramente um problema ou quest\u00e3o a ser resolvida, e a partir da\u00ed criar um projeto que traga solu\u00e7\u00f5es e que tenha impacto socioambiental mensur\u00e1vel.<\/em><\/p>\n\t<\/div>\n<\/div>\n\n\n\n\n\t\t\t<\/div> \n\t\t<\/div>\n\t<\/div> \n<\/div><\/div>\n\t\t<div id=\"fws_69f3b8af61399\"  data-column-margin=\"80px\" data-midnight=\"dark\"  class=\"wpb_row vc_row-fluid vc_row vc_row-o-equal-height vc_row-flex  top_margin_6pct\"  style=\"padding-top: 0px; padding-bottom: 0px; \"><div class=\"row-bg-wrap\" data-bg-animation=\"none\" data-bg-animation-delay=\"\" data-bg-overlay=\"false\"><div class=\"inner-wrap row-bg-layer\" ><div class=\"row-bg viewport-desktop\"  style=\"\"><\/div><\/div><\/div><div class=\"row_col_wrap_12 col span_12 dark left\">\n\t<div  class=\"vc_col-sm-6 wpb_column column_container vc_column_container col no-extra-padding inherit_tablet inherit_phone\"  data-padding-pos=\"all\" data-has-bg-color=\"false\" data-bg-color=\"\" data-bg-opacity=\"1\" data-animation=\"\" data-delay=\"0\" >\n\t\t<div class=\"vc_column-inner\" >\n\t\t\t<div class=\"wpb_wrapper\">\n\t\t\t\t\n<div class=\"wpb_text_column wpb_content_element\" >\n\t<div class=\"wpb_wrapper\">\n\t\t<h4>WHY ICAMIABAS?<\/h4>\n\t<\/div>\n<\/div>\n\n\n\n\n<div class=\"wpb_text_column wpb_content_element\" >\n\t<div class=\"wpb_wrapper\">\n\t\t<p><em>In 1542, the Spanish conqueror Francisco de Orellana descended the great river that gave rise to the Andes in search of gold. While passing through the region of present-day Nhamund\u00e1, 375 km west of Manaus, he clashed with a group of women. His troops had been warned by other indigenous people about the existence of these warriors, called Icamiabas, who carried bows and arrows and appeared to be missing one of their breasts.<\/em><br \/>\n<em>Sua derrota para elas foi depois narrada ao rei Carlos I da Espanha, que inspirado na lenda grega das guerreiras Amazonas, deu ao rio esse nome.<\/em><\/p>\n<h5><strong><em>Icamiabas: (from Tupi) i + kama + \u00eeaba, meaning \u201cbroken chest\u201d.<\/em><\/strong><\/h5>\n\t<\/div>\n<\/div>\n\n\n\n\n\t\t\t<\/div> \n\t\t<\/div>\n\t<\/div> \n\n\t<div  class=\"vc_col-sm-6 wpb_column column_container vc_column_container col no-extra-padding inherit_tablet inherit_phone\"  data-padding-pos=\"all\" data-has-bg-color=\"false\" data-bg-color=\"\" data-bg-opacity=\"1\" data-animation=\"\" data-delay=\"0\" >\n\t\t<div class=\"vc_column-inner\" >\n\t\t\t<div class=\"wpb_wrapper\">\n\t\t\t\t\n<div class=\"wpb_text_column wpb_content_element\" >\n\t<div class=\"wpb_wrapper\">\n\t\t<h4>PRINCIPLES OF OPERATION<\/h4>\n\t<\/div>\n<\/div>\n\n\n\n\n<div class=\"wpb_text_column wpb_content_element\" >\n\t<div class=\"wpb_wrapper\">\n\t\t<ul>\n<li>Monthly payments for women via reloadable debit card<\/li>\n<li>Allocation of resources defined in a verbally agreed action plan<\/li>\n<li>Fund and card statements for each beneficiary published on our website<\/li>\n<li>Photos they send via \u201cZap\u201d document their activities<\/li>\n<li>Small amounts (ceiling of R$5,000) and variable, depending on the fundraising, guaranteeing future flow for 12 months<\/li>\n<li>Variable number of beneficiaries, depending on the fund\u2019s capture<\/li>\n<li>No more than 10% applied to project management, taxes and fees<\/li>\n<\/ul>\n\t<\/div>\n<\/div>\n\n\n\n\n\t\t\t<\/div> \n\t\t<\/div>\n\t<\/div> \n<\/div><\/div>\n\t\t<div id=\"fws_69f3b8af61820\"  data-column-margin=\"default\" data-midnight=\"dark\"  class=\"wpb_row vc_row-fluid vc_row  top_margin_6pct\"  style=\"padding-top: 0px; padding-bottom: 0px; \"><div class=\"row-bg-wrap\" data-bg-animation=\"none\" data-bg-animation-delay=\"\" data-bg-overlay=\"false\"><div class=\"inner-wrap row-bg-layer\" ><div class=\"row-bg viewport-desktop\"  style=\"\"><\/div><\/div><\/div><div class=\"row_col_wrap_12 col span_12 dark left\">\n\t<div  class=\"vc_col-sm-12 wpb_column column_container vc_column_container col no-extra-padding inherit_tablet inherit_phone\"  data-padding-pos=\"all\" data-has-bg-color=\"false\" data-bg-color=\"\" data-bg-opacity=\"1\" data-animation=\"\" data-delay=\"0\" >\n\t\t<div class=\"vc_column-inner\" >\n\t\t\t<div class=\"wpb_wrapper\">\n\t\t\t\t<div class=\"img-with-aniamtion-wrap center\" data-max-width=\"150%\" data-max-width-mobile=\"default\" data-border-radius=\"5px\" data-shadow=\"small_depth\" data-animation=\"none\" >\n      <div class=\"inner\">\n        <div class=\"hover-wrap\"> \n          <div class=\"hover-wrap-inner\">\n            <img loading=\"lazy\" decoding=\"async\" class=\"img-with-animation skip-lazy\" data-delay=\"0\" height=\"200\" width=\"912\" data-animation=\"none\" src=\"https:\/\/i0.wp.com\/manauara.org\/wp-content\/uploads\/2024\/07\/AVENIDA-MARGARITA-ESTREITA.webp?fit=912%2C200&#038;ssl=1\" alt=\"\" srcset=\"https:\/\/i0.wp.com\/manauara.org\/wp-content\/uploads\/2024\/07\/AVENIDA-MARGARITA-ESTREITA.webp?w=912&ssl=1 912w, https:\/\/i0.wp.com\/manauara.org\/wp-content\/uploads\/2024\/07\/AVENIDA-MARGARITA-ESTREITA.webp?resize=300%2C66&ssl=1 300w, https:\/\/i0.wp.com\/manauara.org\/wp-content\/uploads\/2024\/07\/AVENIDA-MARGARITA-ESTREITA.webp?resize=768%2C168&ssl=1 768w\" sizes=\"auto, (max-width: 912px) 100vw, 912px\" \/>\n          <\/div>\n        <\/div>\n      <\/div>\n    <\/div>\n\t\t\t<\/div> \n\t\t<\/div>\n\t<\/div> \n<\/div><\/div>\n\t\t<div id=\"fws_69f3b8af621a1\"  data-column-margin=\"80px\" data-midnight=\"dark\"  class=\"wpb_row vc_row-fluid vc_row vc_row-o-equal-height vc_row-flex  top_margin_6pct\"  style=\"padding-top: 0px; padding-bottom: 0px; \"><div class=\"row-bg-wrap\" data-bg-animation=\"none\" data-bg-animation-delay=\"\" data-bg-overlay=\"false\"><div class=\"inner-wrap row-bg-layer\" ><div class=\"row-bg viewport-desktop\"  style=\"\"><\/div><\/div><\/div><div class=\"row_col_wrap_12 col span_12 dark left\">\n\t<div  class=\"vc_col-sm-6 wpb_column column_container vc_column_container col no-extra-padding inherit_tablet inherit_phone\"  data-padding-pos=\"all\" data-has-bg-color=\"false\" data-bg-color=\"\" data-bg-opacity=\"1\" data-animation=\"\" data-delay=\"0\" >\n\t\t<div class=\"vc_column-inner\" >\n\t\t\t<div class=\"wpb_wrapper\">\n\t\t\t\t\n<div class=\"wpb_text_column wpb_content_element\" >\n\t<div class=\"wpb_wrapper\">\n\t\t<h4><strong>THE FUND'S JOURNEY<\/strong><\/h4>\n\t<\/div>\n<\/div>\n\n\n\n\n<div class=\"wpb_text_column wpb_content_element\" >\n\t<div class=\"wpb_wrapper\">\n\t\t<p><strong>1) MAPEAMENTO<\/strong> \u2013 identifica\u00e7\u00e3o cont\u00ednua de novas benefici\u00e1rias via metodologia \u201csnowball mapping\u201d (cruzamento de indica\u00e7\u00f5es via entrevistas), pr\u00e9-sele\u00e7\u00e3o por nossos associados e valida\u00e7\u00e3o por nosso Conselho.<\/p>\n<p><strong>2) CAPTA\u00c7\u00c3O<\/strong> \u2013 todas as doa\u00e7\u00f5es que recebemos s\u00e3o duplicadas atrav\u00e9s do &#8220;matchfunding&#8221; fornecido pelo <strong>IDIS<\/strong>\u00a0e\u00a0<strong>Mott Foundation<\/strong>: a cada R$ 1 captado recebemos mais R$ 0,50 at\u00e9 o teto de R$ 100 mil. O foco principal nessa etapa s\u00e3o doa\u00e7\u00f5es de filantropos e empresas locais.<\/p>\n<p><strong>3) SUSTENTA\u00c7\u00c3O<\/strong> \u2013 contamos com parceria com a plataforma de crowdfunding <strong>Benfeitoria<\/strong>, al\u00e9m de campanhas recorrentes em m\u00eddias sociais para recorrentes de pequenos valores voltada a moradores das comunidades beneficiadas e empresas de Manaus.<\/p>\n\t<\/div>\n<\/div>\n\n\n\n\n\t\t\t<\/div> \n\t\t<\/div>\n\t<\/div> \n\n\t<div  class=\"vc_col-sm-6 wpb_column column_container vc_column_container col no-extra-padding inherit_tablet inherit_phone\"  data-padding-pos=\"all\" data-has-bg-color=\"false\" data-bg-color=\"\" data-bg-opacity=\"1\" data-animation=\"\" data-delay=\"0\" >\n\t\t<div class=\"vc_column-inner\" >\n\t\t\t<div class=\"wpb_wrapper\">\n\t\t\t\t\n<div class=\"wpb_text_column wpb_content_element\" >\n\t<div class=\"wpb_wrapper\">\n\t\t<h4><strong>THE BENEFICIARIES\u2019 JOURNEY<\/strong><\/h4>\n\t<\/div>\n<\/div>\n\n\n\n\n<div class=\"wpb_text_column wpb_content_element\" >\n\t<div class=\"wpb_wrapper\">\n\t\t<p><strong>A) IDENTIFICA\u00c7\u00c3O<\/strong>\u00a0\u2013 entrevista inicial, acompanhamento por 3 meses, aprova\u00e7\u00e3o pelos nossos associados, valida\u00e7\u00e3o pelo nosso Conselho<\/p>\n<p><strong>B) ACORDO<\/strong> \u2013 definir foco gerador de renda, destina\u00e7\u00e3o dos recursos e valor m\u00ednimo mensal para primeiros 12 meses; co-criar e executar projeto conjunto no segundo ano.<\/p>\n<p><strong>C) EXECU\u00c7\u00c3O<\/strong> \u2013 carregamento mensal do cart\u00e3o, envio de fotos das atividades; elabora\u00e7\u00e3o do termo de abertura do projeto, execu\u00e7\u00e3o e mensura\u00e7\u00e3o de impacto.<\/p>\n<p><strong>D) SUSTENTA\u00c7\u00c3O<\/strong> \u2013 conectar benefici\u00e1rias com rede de assist\u00eancia social, organiza\u00e7\u00f5es que fornecem capacita\u00e7\u00e3o e apoio ao desenvolvimento institucional, filantropos e family offices; esfor\u00e7o cont\u00ednuo de capta\u00e7\u00e3o do fundo.<\/p>\n\t<\/div>\n<\/div>\n\n\n\n\n\t\t\t<\/div> \n\t\t<\/div>\n\t<\/div> \n<\/div><\/div>\n\t\t<div id=\"fws_69f3b8af627e2\"  data-br=\"5px\" data-br-applies=\"bg\" data-column-margin=\"default\" data-midnight=\"dark\" data-top-percent=\"4%\" data-bottom-percent=\"4%\"  class=\"wpb_row vc_row-fluid vc_row vc_row-o-equal-height vc_row-flex vc_row-o-content-middle  top_margin_6pct bottom_margin_6pct left_padding_4pct\"  style=\"padding-top: calc(100vw * 0.04); padding-bottom: calc(100vw * 0.04); \"><div class=\"row-bg-wrap\" data-bg-animation=\"none\" data-bg-animation-delay=\"\" data-bg-overlay=\"false\"><div class=\"inner-wrap row-bg-layer\" ><div class=\"row-bg viewport-desktop using-bg-color\"  style=\"background-color: #ffffff; \"><\/div><\/div><\/div><div class=\"row_col_wrap_12 col span_12 dark left\">\n\t<div  class=\"vc_col-sm-4 wpb_column column_container vc_column_container col no-extra-padding inherit_tablet inherit_phone\"  data-padding-pos=\"all\" data-has-bg-color=\"false\" data-bg-color=\"\" data-bg-opacity=\"1\" data-animation=\"\" data-delay=\"0\" >\n\t\t<div class=\"vc_column-inner\" >\n\t\t\t<div class=\"wpb_wrapper\">\n\t\t\t\t\n<div class=\"wpb_text_column wpb_content_element\" >\n\t<div class=\"wpb_wrapper\">\n\t\t<h2 class=\"elementor-heading-title elementor-size-default\">Account for exclusive donations to the fund\u200b<\/h2>\n\t<\/div>\n<\/div>\n\n\n\n\n\t\t\t<\/div> \n\t\t<\/div>\n\t<\/div> \n\n\t<div  class=\"vc_col-sm-4 wpb_column column_container vc_column_container col no-extra-padding inherit_tablet inherit_phone\"  data-padding-pos=\"all\" data-has-bg-color=\"false\" data-bg-color=\"\" data-bg-opacity=\"1\" data-animation=\"\" data-delay=\"0\" >\n\t\t<div class=\"vc_column-inner\" >\n\t\t\t<div class=\"wpb_wrapper\">\n\t\t\t\t\n<div class=\"wpb_text_column wpb_content_element\" >\n\t<div class=\"wpb_wrapper\">\n\t\t<h2 class=\"elementor-heading-title elementor-size-default\">Bank CORA AG 0001<br \/>\nCC 4180703-7<\/h2>\n\t<\/div>\n<\/div>\n\n\n\n\n\t\t\t<\/div> \n\t\t<\/div>\n\t<\/div> \n\n\t<div  class=\"vc_col-sm-4 wpb_column column_container vc_column_container col no-extra-padding inherit_tablet inherit_phone\"  data-padding-pos=\"all\" data-has-bg-color=\"false\" data-bg-color=\"\" data-bg-opacity=\"1\" data-animation=\"\" data-delay=\"0\" >\n\t\t<div class=\"vc_column-inner\" >\n\t\t\t<div class=\"wpb_wrapper\">\n\t\t\t\t\n<div class=\"wpb_text_column wpb_content_element\" >\n\t<div class=\"wpb_wrapper\">\n\t\t<h2 class=\"elementor-heading-title elementor-size-default\">PIX: contato@manaura.org<\/h2>\n\t<\/div>\n<\/div>\n\n\n\n\n\t\t\t<\/div> \n\t\t<\/div>\n\t<\/div> \n<\/div><\/div>","protected":false},"excerpt":{"rendered":"Programa Icamiabas Como \u00e9 poss\u00edvel apoiar o desenvolvimento pessoal e institucional de l\u00edderes comunit\u00e1rias que trabalham em prol de outras mulheres nas comunidades mais carentes de Manaus? Nosso programa de...","protected":false},"author":1,"featured_media":0,"parent":37,"menu_order":0,"comment_status":"closed","ping_status":"closed","template":"","meta":{"advanced_seo_description":"","jetpack_seo_html_title":"","jetpack_seo_noindex":false,"footnotes":""},"class_list":["post-44","page","type-page","status-publish"],"_links":{"self":[{"href":"https:\/\/manauara.org\/en\/wp-json\/wp\/v2\/pages\/44","targetHints":{"allow":["GET"]}}],"collection":[{"href":"https:\/\/manauara.org\/en\/wp-json\/wp\/v2\/pages"}],"about":[{"href":"https:\/\/manauara.org\/en\/wp-json\/wp\/v2\/types\/page"}],"author":[{"embeddable":true,"href":"https:\/\/manauara.org\/en\/wp-json\/wp\/v2\/users\/1"}],"replies":[{"embeddable":true,"href":"https:\/\/manauara.org\/en\/wp-json\/wp\/v2\/comments?post=44"}],"version-history":[{"count":14,"href":"https:\/\/manauara.org\/en\/wp-json\/wp\/v2\/pages\/44\/revisions"}],"predecessor-version":[{"id":2940,"href":"https:\/\/manauara.org\/en\/wp-json\/wp\/v2\/pages\/44\/revisions\/2940"}],"up":[{"embeddable":true,"href":"https:\/\/manauara.org\/en\/wp-json\/wp\/v2\/pages\/37"}],"wp:attachment":[{"href":"https:\/\/manauara.org\/en\/wp-json\/wp\/v2\/media?parent=44"}],"curies":[{"name":"wp","href":"https:\/\/api.w.org\/{rel}","templated":true}]}}